{"id":295,"date":"2019-05-19T13:44:18","date_gmt":"2019-05-19T11:44:18","guid":{"rendered":"http:\/\/thezentury.de\/?page_id=295"},"modified":"2023-01-27T23:30:44","modified_gmt":"2023-01-27T22:30:44","slug":"methode","status":"publish","type":"page","link":"https:\/\/thezentury.de\/index.php\/methode\/","title":{"rendered":"Methode"},"content":{"rendered":"\n<p class=\"has-drop-cap\">The Zentury kombiniert die klassische Zen-\u201eLehre\u201c mit Musik und Elementen aus dem <strong>Butho<\/strong>, dem<strong> Zen Shiatsu<\/strong>, der <strong>Akupressur<\/strong>, der <strong>Energiearbeit<\/strong>, der <strong>Schattenarbeit<\/strong> und der <strong>Intuition<\/strong> und \u00fcbersetzt diese in die Lebens- und Arbeitswelt des Hier und Jetzt. <\/p>\n\n\n\n<figure class=\"wp-block-image alignwide\"><img decoding=\"async\" loading=\"lazy\" width=\"1024\" height=\"685\" src=\"http:\/\/thezentury.de\/wp-content\/uploads\/2019\/05\/13502779_10208541744273775_6971009819615716307_o-1-1024x685.jpg\" alt=\"\" class=\"wp-image-427\" srcset=\"https:\/\/thezentury.de\/wp-content\/uploads\/2019\/05\/13502779_10208541744273775_6971009819615716307_o-1-1024x685.jpg 1024w, https:\/\/thezentury.de\/wp-content\/uploads\/2019\/05\/13502779_10208541744273775_6971009819615716307_o-1-300x201.jpg 300w, https:\/\/thezentury.de\/wp-content\/uploads\/2019\/05\/13502779_10208541744273775_6971009819615716307_o-1-768x514.jpg 768w, https:\/\/thezentury.de\/wp-content\/uploads\/2019\/05\/13502779_10208541744273775_6971009819615716307_o-1-1600x1070.jpg 1600w, https:\/\/thezentury.de\/wp-content\/uploads\/2019\/05\/13502779_10208541744273775_6971009819615716307_o-1.jpg 2048w\" sizes=\"(max-width: 1024px) 100vw, 1024px\" \/><\/figure>\n\n\n\n<p>Meditation hilft Bewusstsein zu aktivieren und sich von der Anhaftung an Emotionen, Schmerzen, K\u00f6rper und Gedanken zu l\u00f6sen. Durch Meditation, Wahrnehmung, Intuition und Bewegung l\u00f6sen sich Glaubensgrunds\u00e4tze und innere Blockaden auf. Diese Freiheit erm\u00f6glicht die uneingeschr\u00e4nkte Entfaltung des eigenen Potentials.<\/p>\n\n\n\n<p><strong>Teezeremonien<\/strong> und Bl\u00f6cke aus <strong>Geh-Meditation<\/strong> (<em>Kinhin<\/em>), <strong>Osho-Dynamic-Meditation<\/strong> (<em>Bewegung<\/em>), <strong>Sanzen<\/strong> (<em>das pers\u00f6nliche Gespr\u00e4ch mit dem Lehrer<\/em>), <strong>Chi-kung<\/strong> (<em>Steh-Meditation<\/em>) und <strong>Breaks and Mutual Mind\/Heartful-Talking<\/strong> bilden das Fundament des The Zentury Programms.<\/p>\n\n\n\n<p><strong>Jion Blonstein<\/strong> leitet die Meditationen und Coachings. Er arbeitet intuitiv und passt sich den (auch unausgesprochenen) W\u00fcnschen und Bed\u00fcrfnissen des Gegen\u00fcbers an. <\/p>\n\n\n\n<p>Er traf auf seiner neunj\u00e4hrigen Reise auf Lehrer verschiedenster geistiger Richtungen. Seine Erfahrungen, besonders aber seine Jahre als Zen-M\u00f6nch in den japanischen Kl\u00f6stern <strong>Eigenji<\/strong> und <strong>Sogenji<\/strong> pr\u00e4gen seine Arbeit und sein Leben. Der Name <strong>Jion<\/strong> wurde ihm von dem Zenmeister <strong>Taigen Shodo Harada Roshi<\/strong> in Japan gegeben. \u00bb<strong>Ji<\/strong>\u00ab-Universelle Liebe, \u00bb<strong>On<\/strong>\u00ab-W\u00e4rme. <\/p>\n","protected":false},"excerpt":{"rendered":"<p>The Zentury kombiniert die klassische Zen-\u201eLehre\u201c mit Musik und Elementen aus dem Butho, dem Zen Shiatsu, der Akupressur, der Energiearbeit,&hellip;<\/p>\n","protected":false},"author":1,"featured_media":0,"parent":0,"menu_order":0,"comment_status":"closed","ping_status":"closed","template":"","meta":[],"_links":{"self":[{"href":"https:\/\/thezentury.de\/index.php\/wp-json\/wp\/v2\/pages\/295"}],"collection":[{"href":"https:\/\/thezentury.de\/index.php\/wp-json\/wp\/v2\/pages"}],"about":[{"href":"https:\/\/thezentury.de\/index.php\/wp-json\/wp\/v2\/types\/page"}],"author":[{"embeddable":true,"href":"https:\/\/thezentury.de\/index.php\/wp-json\/wp\/v2\/users\/1"}],"replies":[{"embeddable":true,"href":"https:\/\/thezentury.de\/index.php\/wp-json\/wp\/v2\/comments?post=295"}],"version-history":[{"count":21,"href":"https:\/\/thezentury.de\/index.php\/wp-json\/wp\/v2\/pages\/295\/revisions"}],"predecessor-version":[{"id":701,"href":"https:\/\/thezentury.de\/index.php\/wp-json\/wp\/v2\/pages\/295\/revisions\/701"}],"wp:attachment":[{"href":"https:\/\/thezentury.de\/index.php\/wp-json\/wp\/v2\/media?parent=295"}],"curies":[{"name":"wp","href":"https:\/\/api.w.org\/{rel}","templated":true}]}}