{"id":300,"date":"2019-05-19T13:45:21","date_gmt":"2019-05-19T11:45:21","guid":{"rendered":"http:\/\/thezentury.de\/?page_id=300"},"modified":"2019-11-12T13:19:27","modified_gmt":"2019-11-12T12:19:27","slug":"angebot","status":"publish","type":"page","link":"https:\/\/thezentury.de\/index.php\/angebot\/","title":{"rendered":"Angebot"},"content":{"rendered":"\n<p class=\"has-drop-cap\">Unsere Mission: wir bringen die &#8218;Lehre&#8216; des fern\u00f6stlichen Zen in den Lebens- &amp; Arbeitsalltag all derer, die bewusster durchs Leben gehen wollen. <strong>Meditation<\/strong> steht im Mittelpunkt der Praxis.<\/p>\n\n\n\n<figure class=\"wp-block-image alignwide\"><img decoding=\"async\" loading=\"lazy\" width=\"1024\" height=\"683\" src=\"http:\/\/thezentury.de\/wp-content\/uploads\/2019\/06\/Jion_galerie-koenig-1024x683.jpeg\" alt=\"\" class=\"wp-image-538\" srcset=\"https:\/\/thezentury.de\/wp-content\/uploads\/2019\/06\/Jion_galerie-koenig-1024x683.jpeg 1024w, https:\/\/thezentury.de\/wp-content\/uploads\/2019\/06\/Jion_galerie-koenig-300x200.jpeg 300w, https:\/\/thezentury.de\/wp-content\/uploads\/2019\/06\/Jion_galerie-koenig-768x512.jpeg 768w, https:\/\/thezentury.de\/wp-content\/uploads\/2019\/06\/Jion_galerie-koenig-1600x1067.jpeg 1600w, https:\/\/thezentury.de\/wp-content\/uploads\/2019\/06\/Jion_galerie-koenig.jpeg 2048w\" sizes=\"(max-width: 1024px) 100vw, 1024px\" \/><\/figure>\n\n\n\n<p><strong>Musical Meditation<\/strong><br>Anders h\u00f6ren durch Stille. Die Symbiose aus Musik und Zen erm\u00f6glicht eine tief ber\u00fchrende Erfahrung, auch ohne Meditationsvorkenntisse. Gemeinsam mit au\u00dfergew\u00f6hnlichen Musikern und Musikerinnen wollen wir Grenzen und Herzen \u00f6ffnen. Wir arbeiten mit K\u00fcnstlern aus den unterschiedlichsten Genres zusammen, von Pop bis Klassik, von Geheimtipp bis Superstar wie <a href=\"https:\/\/youtu.be\/3rPxLrZJs-Y\">Iskandar Widjaja<\/a>, der als einer der interessantesten Geiger unserer Generation gilt. &nbsp;<\/p>\n\n\n\n<p><strong>Incentives<\/strong><br>F\u00fcr Unternehmen ist es essentiell, dass verschiedenste Menschen mit unterschiedlichen kognitiven und physischen Kapazit\u00e4ten effektiv zusammenarbeiten. Stress, Zeitdruck und fehlende Kommunikation f\u00fchren zu Chaos. Wir entwickeln mehrst\u00fcndige oder -t\u00e4gige Incentives zur F\u00f6rderung von Teambuilding, Effektivit\u00e4t, Konzentration und Wiederherstellung der vielbesprochenen &#8222;Work-Life-Balance&#8220;.<\/p>\n\n\n\n<p><strong>Events<\/strong> <strong>&amp;<\/strong> <strong>Brand Experience<\/strong>s<br>Der erste Kontakt mit Zen-Meditation ist f\u00fcr beinahe jeden ein &#8222;Aha-Erlebnis&#8220;. Deshalb bietet The Zentury auch Zen-Programme, die vordergr\u00fcndig unterhaltsam, tats\u00e4chlich aber tiefgr\u00fcndig erhellend sind. Wir m\u00f6chten klassischem Zen auch in meditationsfremden Kontexten eine Plattform geben. Dies geschieht in Kombination mit Musik &amp; Kulinarik und niemals belehrend esoterisch.<\/p>\n\n\n\n<p><strong>Coaching<\/strong><br>Zen-Meister Jion Blonstein begleitet Menschen verschiedenster Coleur durch den Alltag. In schweren, traurigen, komplizierten, aber auch gl\u00fccklichen und unbeschwerten Zeiten. Er h\u00f6rt zu, stellt Fragen, die zum Reflektieren anregen und fordert sein Gegen\u00fcber. Er wertet nicht und therapiert nicht &#8211; er initiiert den Dialog eines Menschen mit sich selbst.<\/p>\n\n\n\n<div style=\"height:20px\" aria-hidden=\"true\" class=\"wp-block-spacer\"><\/div>\n\n\n\n<p>Unsere Incentives, Events und Coachings k\u00f6nnen auf <strong>Deutsch<\/strong>, <strong>Englisch<\/strong>, <strong>Russisch<\/strong> und <strong>Japanisch<\/strong> stattfinden.<\/p>\n","protected":false},"excerpt":{"rendered":"<p>Unsere Mission: wir bringen die &#8218;Lehre&#8216; des fern\u00f6stlichen Zen in den Lebens- &amp; Arbeitsalltag all derer, die bewusster durchs Leben&hellip;<\/p>\n","protected":false},"author":1,"featured_media":0,"parent":0,"menu_order":0,"comment_status":"closed","ping_status":"closed","template":"","meta":[],"_links":{"self":[{"href":"https:\/\/thezentury.de\/index.php\/wp-json\/wp\/v2\/pages\/300"}],"collection":[{"href":"https:\/\/thezentury.de\/index.php\/wp-json\/wp\/v2\/pages"}],"about":[{"href":"https:\/\/thezentury.de\/index.php\/wp-json\/wp\/v2\/types\/page"}],"author":[{"embeddable":true,"href":"https:\/\/thezentury.de\/index.php\/wp-json\/wp\/v2\/users\/1"}],"replies":[{"embeddable":true,"href":"https:\/\/thezentury.de\/index.php\/wp-json\/wp\/v2\/comments?post=300"}],"version-history":[{"count":48,"href":"https:\/\/thezentury.de\/index.php\/wp-json\/wp\/v2\/pages\/300\/revisions"}],"predecessor-version":[{"id":690,"href":"https:\/\/thezentury.de\/index.php\/wp-json\/wp\/v2\/pages\/300\/revisions\/690"}],"wp:attachment":[{"href":"https:\/\/thezentury.de\/index.php\/wp-json\/wp\/v2\/media?parent=300"}],"curies":[{"name":"wp","href":"https:\/\/api.w.org\/{rel}","templated":true}]}}