{"id":304,"date":"2019-05-19T13:46:57","date_gmt":"2019-05-19T11:46:57","guid":{"rendered":"http:\/\/thezentury.de\/?page_id=304"},"modified":"2023-01-27T23:51:31","modified_gmt":"2023-01-27T22:51:31","slug":"referenzen","status":"publish","type":"page","link":"https:\/\/thezentury.de\/index.php\/referenzen\/","title":{"rendered":"Referenzen"},"content":{"rendered":"\n<p><strong><a rel=\"noreferrer noopener\" href=\"https:\/\/www.sohohouseberlin.com\/de\" target=\"_blank\">Soho House Berlin<\/a> Musikalische Meditation<\/strong><\/p>\n\n\n\n<figure class=\"is-layout-flex wp-block-gallery-1 wp-block-gallery has-nested-images columns-2 is-cropped\">\n<figure class=\"wp-block-image\"><img decoding=\"async\" loading=\"lazy\" width=\"1024\" height=\"587\" data-id=\"651\"  src=\"http:\/\/thezentury.de\/wp-content\/uploads\/2019\/11\/Bildschirmfoto-2019-11-12-um-11.21.19-1024x587.png\" alt=\"\" class=\"wp-image-651\" srcset=\"https:\/\/thezentury.de\/wp-content\/uploads\/2019\/11\/Bildschirmfoto-2019-11-12-um-11.21.19-1024x587.png 1024w, https:\/\/thezentury.de\/wp-content\/uploads\/2019\/11\/Bildschirmfoto-2019-11-12-um-11.21.19-300x172.png 300w, https:\/\/thezentury.de\/wp-content\/uploads\/2019\/11\/Bildschirmfoto-2019-11-12-um-11.21.19-768x441.png 768w, https:\/\/thezentury.de\/wp-content\/uploads\/2019\/11\/Bildschirmfoto-2019-11-12-um-11.21.19-1600x918.png 1600w\" sizes=\"(max-width: 1024px) 100vw, 1024px\" \/><\/figure>\n\n\n\n<figure class=\"wp-block-image\"><img decoding=\"async\" loading=\"lazy\" width=\"1024\" height=\"577\" data-id=\"653\"  src=\"http:\/\/thezentury.de\/wp-content\/uploads\/2019\/11\/Bildschirmfoto-2019-11-12-um-11.20.47-1024x577.png\" alt=\"\" class=\"wp-image-653\" srcset=\"https:\/\/thezentury.de\/wp-content\/uploads\/2019\/11\/Bildschirmfoto-2019-11-12-um-11.20.47-1024x577.png 1024w, https:\/\/thezentury.de\/wp-content\/uploads\/2019\/11\/Bildschirmfoto-2019-11-12-um-11.20.47-300x169.png 300w, https:\/\/thezentury.de\/wp-content\/uploads\/2019\/11\/Bildschirmfoto-2019-11-12-um-11.20.47-768x433.png 768w, https:\/\/thezentury.de\/wp-content\/uploads\/2019\/11\/Bildschirmfoto-2019-11-12-um-11.20.47-1600x902.png 1600w\" sizes=\"(max-width: 1024px) 100vw, 1024px\" \/><\/figure>\n\n\n\n<figure class=\"wp-block-image\"><img decoding=\"async\" loading=\"lazy\" width=\"1024\" height=\"592\" data-id=\"657\"  src=\"http:\/\/thezentury.de\/wp-content\/uploads\/2019\/11\/Bildschirmfoto-2019-11-12-um-11.22.09-1-1024x592.png\" alt=\"\" class=\"wp-image-657\" srcset=\"https:\/\/thezentury.de\/wp-content\/uploads\/2019\/11\/Bildschirmfoto-2019-11-12-um-11.22.09-1-1024x592.png 1024w, https:\/\/thezentury.de\/wp-content\/uploads\/2019\/11\/Bildschirmfoto-2019-11-12-um-11.22.09-1-300x174.png 300w, https:\/\/thezentury.de\/wp-content\/uploads\/2019\/11\/Bildschirmfoto-2019-11-12-um-11.22.09-1-768x444.png 768w, https:\/\/thezentury.de\/wp-content\/uploads\/2019\/11\/Bildschirmfoto-2019-11-12-um-11.22.09-1-1600x926.png 1600w\" sizes=\"(max-width: 1024px) 100vw, 1024px\" \/><\/figure>\n\n\n\n<figure class=\"wp-block-image\"><img decoding=\"async\" loading=\"lazy\" width=\"1024\" height=\"564\" data-id=\"642\"  src=\"http:\/\/thezentury.de\/wp-content\/uploads\/2019\/11\/Bildschirmfoto-2019-11-12-um-11.22.58-1024x564.png\" alt=\"\" class=\"wp-image-642\" srcset=\"https:\/\/thezentury.de\/wp-content\/uploads\/2019\/11\/Bildschirmfoto-2019-11-12-um-11.22.58-1024x564.png 1024w, https:\/\/thezentury.de\/wp-content\/uploads\/2019\/11\/Bildschirmfoto-2019-11-12-um-11.22.58-300x165.png 300w, https:\/\/thezentury.de\/wp-content\/uploads\/2019\/11\/Bildschirmfoto-2019-11-12-um-11.22.58-768x423.png 768w, https:\/\/thezentury.de\/wp-content\/uploads\/2019\/11\/Bildschirmfoto-2019-11-12-um-11.22.58-1600x881.png 1600w\" sizes=\"(max-width: 1024px) 100vw, 1024px\" \/><\/figure>\n<\/figure>\n\n\n\n<p>Musikalische Meditation im Berliner Soho House mit Zen-Meister Jion Blonstein und dem preisgekr\u00f6nten Geiger <a rel=\"noreferrer noopener\" href=\"https:\/\/de.wikipedia.org\/wiki\/Iskandar_Widjaja\" target=\"_blank\">Iskandar Widjaja<\/a>.<\/p>\n\n\n\n<hr class=\"wp-block-separator has-css-opacity is-style-dots\"\/>\n\n\n\n<p><a rel=\"noreferrer noopener\" aria-label=\"Galerie K\u00f6nig (\u00f6ffnet in neuem Tab)\" href=\"https:\/\/www.koeniggalerie.com\/\" target=\"_blank\"><strong>Galerie K\u00f6nig<\/strong><\/a><strong> Bach &amp; Zen<\/strong><\/p>\n\n\n\n<figure class=\"is-layout-flex wp-block-gallery-3 wp-block-gallery has-nested-images columns-2 is-cropped\">\n<figure class=\"wp-block-image\"><img decoding=\"async\" loading=\"lazy\" width=\"1024\" height=\"683\" data-id=\"538\"  src=\"http:\/\/thezentury.de\/wp-content\/uploads\/2019\/06\/Jion_galerie-koenig-1024x683.jpeg\" alt=\"\" class=\"wp-image-538\" srcset=\"https:\/\/thezentury.de\/wp-content\/uploads\/2019\/06\/Jion_galerie-koenig-1024x683.jpeg 1024w, https:\/\/thezentury.de\/wp-content\/uploads\/2019\/06\/Jion_galerie-koenig-300x200.jpeg 300w, https:\/\/thezentury.de\/wp-content\/uploads\/2019\/06\/Jion_galerie-koenig-768x512.jpeg 768w, https:\/\/thezentury.de\/wp-content\/uploads\/2019\/06\/Jion_galerie-koenig-1600x1067.jpeg 1600w, https:\/\/thezentury.de\/wp-content\/uploads\/2019\/06\/Jion_galerie-koenig.jpeg 2048w\" sizes=\"(max-width: 1024px) 100vw, 1024px\" \/><\/figure>\n\n\n\n<figure class=\"wp-block-image\"><img decoding=\"async\" loading=\"lazy\" width=\"1024\" height=\"683\" data-id=\"432\"  src=\"http:\/\/thezentury.de\/wp-content\/uploads\/2019\/05\/54437329_10216597527943332_6923190692185374720_o-1024x683.jpg\" alt=\"\" class=\"wp-image-432\" srcset=\"https:\/\/thezentury.de\/wp-content\/uploads\/2019\/05\/54437329_10216597527943332_6923190692185374720_o-1024x683.jpg 1024w, https:\/\/thezentury.de\/wp-content\/uploads\/2019\/05\/54437329_10216597527943332_6923190692185374720_o-300x200.jpg 300w, https:\/\/thezentury.de\/wp-content\/uploads\/2019\/05\/54437329_10216597527943332_6923190692185374720_o-768x512.jpg 768w, https:\/\/thezentury.de\/wp-content\/uploads\/2019\/05\/54437329_10216597527943332_6923190692185374720_o-1600x1067.jpg 1600w, https:\/\/thezentury.de\/wp-content\/uploads\/2019\/05\/54437329_10216597527943332_6923190692185374720_o.jpg 1772w\" sizes=\"(max-width: 1024px) 100vw, 1024px\" \/><\/figure>\n\n\n\n<figure class=\"wp-block-image\"><img decoding=\"async\" loading=\"lazy\" width=\"1024\" height=\"683\" data-id=\"434\"  src=\"http:\/\/thezentury.de\/wp-content\/uploads\/2019\/05\/54727451_10216597528703351_7965991936857210880_o-1024x683.jpg\" alt=\"\" class=\"wp-image-434\" srcset=\"https:\/\/thezentury.de\/wp-content\/uploads\/2019\/05\/54727451_10216597528703351_7965991936857210880_o-1024x683.jpg 1024w, https:\/\/thezentury.de\/wp-content\/uploads\/2019\/05\/54727451_10216597528703351_7965991936857210880_o-300x200.jpg 300w, https:\/\/thezentury.de\/wp-content\/uploads\/2019\/05\/54727451_10216597528703351_7965991936857210880_o-768x512.jpg 768w, https:\/\/thezentury.de\/wp-content\/uploads\/2019\/05\/54727451_10216597528703351_7965991936857210880_o-1600x1067.jpg 1600w, https:\/\/thezentury.de\/wp-content\/uploads\/2019\/05\/54727451_10216597528703351_7965991936857210880_o.jpg 1772w\" sizes=\"(max-width: 1024px) 100vw, 1024px\" \/><\/figure>\n\n\n\n<figure class=\"wp-block-image\"><img decoding=\"async\" loading=\"lazy\" width=\"1024\" height=\"683\" data-id=\"433\"  src=\"http:\/\/thezentury.de\/wp-content\/uploads\/2019\/05\/54233751_10216597526303291_8300125854021713920_o-1024x683.jpg\" alt=\"\" class=\"wp-image-433\" srcset=\"https:\/\/thezentury.de\/wp-content\/uploads\/2019\/05\/54233751_10216597526303291_8300125854021713920_o-1024x683.jpg 1024w, https:\/\/thezentury.de\/wp-content\/uploads\/2019\/05\/54233751_10216597526303291_8300125854021713920_o-300x200.jpg 300w, https:\/\/thezentury.de\/wp-content\/uploads\/2019\/05\/54233751_10216597526303291_8300125854021713920_o-768x512.jpg 768w, https:\/\/thezentury.de\/wp-content\/uploads\/2019\/05\/54233751_10216597526303291_8300125854021713920_o-1600x1066.jpg 1600w, https:\/\/thezentury.de\/wp-content\/uploads\/2019\/05\/54233751_10216597526303291_8300125854021713920_o.jpg 2048w\" sizes=\"(max-width: 1024px) 100vw, 1024px\" \/><\/figure>\n<\/figure>\n\n\n\n<p>Music von Bach, <a href=\"https:\/\/www.facebook.com\/Iskandar-Widjaja-233075790071006\/\">Iskandar Widjaja<\/a> (Geige) &amp; Meditation von Zen Meister Jion Blonstein.<\/p>\n\n\n\n<hr class=\"wp-block-separator has-css-opacity is-style-dots\"\/>\n\n\n\n<p><strong><a rel=\"noreferrer noopener\" href=\"https:\/\/www.sirhotels.com\/de\/nikolai\/\" target=\"_blank\">Sir Nikolai <\/a>Grand Opening<\/strong><\/p>\n\n\n\n<figure class=\"is-layout-flex wp-block-gallery-5 wp-block-gallery has-nested-images columns-2 is-cropped\">\n<figure class=\"wp-block-image\"><img decoding=\"async\" loading=\"lazy\" width=\"1024\" height=\"680\" data-id=\"405\"  src=\"http:\/\/thezentury.de\/wp-content\/uploads\/2019\/05\/19025082_1410145212365976_1630693167125912939_o-1024x680.jpg\" alt=\"\" class=\"wp-image-405\" srcset=\"https:\/\/thezentury.de\/wp-content\/uploads\/2019\/05\/19025082_1410145212365976_1630693167125912939_o-1024x680.jpg 1024w, https:\/\/thezentury.de\/wp-content\/uploads\/2019\/05\/19025082_1410145212365976_1630693167125912939_o-300x199.jpg 300w, https:\/\/thezentury.de\/wp-content\/uploads\/2019\/05\/19025082_1410145212365976_1630693167125912939_o-768x510.jpg 768w, https:\/\/thezentury.de\/wp-content\/uploads\/2019\/05\/19025082_1410145212365976_1630693167125912939_o.jpg 1125w\" sizes=\"(max-width: 1024px) 100vw, 1024px\" \/><\/figure>\n\n\n\n<figure class=\"wp-block-image\"><img decoding=\"async\" loading=\"lazy\" width=\"1024\" height=\"680\" data-id=\"404\"  src=\"http:\/\/thezentury.de\/wp-content\/uploads\/2019\/05\/19023592_1410143835699447_386379879420672539_o-1024x680.jpg\" alt=\"\" class=\"wp-image-404\" srcset=\"https:\/\/thezentury.de\/wp-content\/uploads\/2019\/05\/19023592_1410143835699447_386379879420672539_o-1024x680.jpg 1024w, https:\/\/thezentury.de\/wp-content\/uploads\/2019\/05\/19023592_1410143835699447_386379879420672539_o-300x199.jpg 300w, https:\/\/thezentury.de\/wp-content\/uploads\/2019\/05\/19023592_1410143835699447_386379879420672539_o-768x510.jpg 768w, https:\/\/thezentury.de\/wp-content\/uploads\/2019\/05\/19023592_1410143835699447_386379879420672539_o.jpg 1125w\" sizes=\"(max-width: 1024px) 100vw, 1024px\" \/><\/figure>\n\n\n\n<figure class=\"wp-block-image\"><img decoding=\"async\" loading=\"lazy\" width=\"1024\" height=\"683\" data-id=\"407\"  src=\"http:\/\/thezentury.de\/wp-content\/uploads\/2019\/05\/19024950_1410146902365807_8945640817375093667_o-1024x683.jpg\" alt=\"\" class=\"wp-image-407\" srcset=\"https:\/\/thezentury.de\/wp-content\/uploads\/2019\/05\/19024950_1410146902365807_8945640817375093667_o-1024x683.jpg 1024w, https:\/\/thezentury.de\/wp-content\/uploads\/2019\/05\/19024950_1410146902365807_8945640817375093667_o-300x200.jpg 300w, https:\/\/thezentury.de\/wp-content\/uploads\/2019\/05\/19024950_1410146902365807_8945640817375093667_o-768x512.jpg 768w, https:\/\/thezentury.de\/wp-content\/uploads\/2019\/05\/19024950_1410146902365807_8945640817375093667_o.jpg 1440w\" sizes=\"(max-width: 1024px) 100vw, 1024px\" \/><\/figure>\n\n\n\n<figure class=\"wp-block-image\"><img decoding=\"async\" loading=\"lazy\" width=\"1024\" height=\"683\" data-id=\"406\"  src=\"http:\/\/thezentury.de\/wp-content\/uploads\/2019\/05\/19095706_1410146782365819_6971012316358368742_o-1024x683.jpg\" alt=\"\" class=\"wp-image-406\" srcset=\"https:\/\/thezentury.de\/wp-content\/uploads\/2019\/05\/19095706_1410146782365819_6971012316358368742_o-1024x683.jpg 1024w, https:\/\/thezentury.de\/wp-content\/uploads\/2019\/05\/19095706_1410146782365819_6971012316358368742_o-300x200.jpg 300w, https:\/\/thezentury.de\/wp-content\/uploads\/2019\/05\/19095706_1410146782365819_6971012316358368742_o-768x512.jpg 768w, https:\/\/thezentury.de\/wp-content\/uploads\/2019\/05\/19095706_1410146782365819_6971012316358368742_o.jpg 1440w\" sizes=\"(max-width: 1024px) 100vw, 1024px\" \/><\/figure>\n<\/figure>\n\n\n\n<p>Das Hotel verwandelte sich in eine Erlebniswelt mit verschiedenen R\u00e4umen. Ein Tattoo-Studio des japanischen K\u00fcnstlers Bizzo, ein Meditationsraum mit dem Zen-M\u00f6nch Jion Blonstein, ein Raum f\u00fcr Kunstinstallationen und die Belle-Epoque-Suite von Perrier-Jouet.<\/p>\n\n\n\n<hr class=\"wp-block-separator has-css-opacity is-style-dots\"\/>\n\n\n\n<p><strong>VAAY Pop Up Store&nbsp;<\/strong><\/p>\n\n\n\n<figure class=\"is-layout-flex wp-block-gallery-7 wp-block-gallery has-nested-images columns-2 is-cropped\">\n<figure class=\"wp-block-image size-large\"><img decoding=\"async\" loading=\"lazy\" width=\"1024\" height=\"684\" data-id=\"709\"  src=\"http:\/\/thezentury.de\/wp-content\/uploads\/2023\/01\/VAAY_Event3-1024x684.jpg\" alt=\"\" class=\"wp-image-709\" srcset=\"https:\/\/thezentury.de\/wp-content\/uploads\/2023\/01\/VAAY_Event3-1024x684.jpg 1024w, https:\/\/thezentury.de\/wp-content\/uploads\/2023\/01\/VAAY_Event3-300x200.jpg 300w, https:\/\/thezentury.de\/wp-content\/uploads\/2023\/01\/VAAY_Event3-768x513.jpg 768w, https:\/\/thezentury.de\/wp-content\/uploads\/2023\/01\/VAAY_Event3-1536x1025.jpg 1536w, https:\/\/thezentury.de\/wp-content\/uploads\/2023\/01\/VAAY_Event3-2048x1367.jpg 2048w, https:\/\/thezentury.de\/wp-content\/uploads\/2023\/01\/VAAY_Event3-1600x1068.jpg 1600w\" sizes=\"(max-width: 1024px) 100vw, 1024px\" \/><\/figure>\n\n\n\n<figure class=\"wp-block-image size-large\"><img decoding=\"async\" loading=\"lazy\" width=\"1024\" height=\"791\" data-id=\"711\"  src=\"http:\/\/thezentury.de\/wp-content\/uploads\/2023\/01\/VAAY_Event2-1024x791.jpg\" alt=\"\" class=\"wp-image-711\" srcset=\"https:\/\/thezentury.de\/wp-content\/uploads\/2023\/01\/VAAY_Event2-1024x791.jpg 1024w, https:\/\/thezentury.de\/wp-content\/uploads\/2023\/01\/VAAY_Event2-300x232.jpg 300w, https:\/\/thezentury.de\/wp-content\/uploads\/2023\/01\/VAAY_Event2-768x593.jpg 768w, https:\/\/thezentury.de\/wp-content\/uploads\/2023\/01\/VAAY_Event2-1536x1187.jpg 1536w, https:\/\/thezentury.de\/wp-content\/uploads\/2023\/01\/VAAY_Event2-2048x1582.jpg 2048w, https:\/\/thezentury.de\/wp-content\/uploads\/2023\/01\/VAAY_Event2-1600x1236.jpg 1600w\" sizes=\"(max-width: 1024px) 100vw, 1024px\" \/><\/figure>\n\n\n\n<figure class=\"wp-block-image size-full\"><img decoding=\"async\" loading=\"lazy\" width=\"1920\" height=\"1080\" data-id=\"717\"  src=\"http:\/\/thezentury.de\/wp-content\/uploads\/2023\/01\/VAAY-Limited.webp\" alt=\"\" class=\"wp-image-717\"\/><\/figure>\n\n\n\n<figure class=\"wp-block-image size-large\"><img decoding=\"async\" loading=\"lazy\" width=\"1024\" height=\"684\" data-id=\"715\"  src=\"http:\/\/thezentury.de\/wp-content\/uploads\/2023\/01\/VAAY_Event1-1-1024x684.jpg\" alt=\"\" class=\"wp-image-715\" srcset=\"https:\/\/thezentury.de\/wp-content\/uploads\/2023\/01\/VAAY_Event1-1-1024x684.jpg 1024w, https:\/\/thezentury.de\/wp-content\/uploads\/2023\/01\/VAAY_Event1-1-300x200.jpg 300w, https:\/\/thezentury.de\/wp-content\/uploads\/2023\/01\/VAAY_Event1-1-768x513.jpg 768w, https:\/\/thezentury.de\/wp-content\/uploads\/2023\/01\/VAAY_Event1-1-1536x1025.jpg 1536w, https:\/\/thezentury.de\/wp-content\/uploads\/2023\/01\/VAAY_Event1-1-2048x1367.jpg 2048w, https:\/\/thezentury.de\/wp-content\/uploads\/2023\/01\/VAAY_Event1-1-1600x1068.jpg 1600w\" sizes=\"(max-width: 1024px) 100vw, 1024px\" \/><\/figure>\n<\/figure>\n\n\n\n<p>Er\u00f6ffnung &#8211; Gruppenmeditation<\/p>\n\n\n\n<hr class=\"wp-block-separator has-css-opacity is-style-dots\"\/>\n\n\n\n<p><strong>Musical Meditation<\/strong> Trailer<\/p>\n\n\n\n<figure class=\"wp-block-video\"><video controls src=\"http:\/\/thezentury.de\/wp-content\/uploads\/2019\/11\/Bach-and-Zen_Edit-2.mp4\"><\/video><\/figure>\n","protected":false},"excerpt":{"rendered":"<p>Soho House Berlin Musikalische Meditation Musikalische Meditation im Berliner Soho House mit Zen-Meister Jion Blonstein und dem preisgekr\u00f6nten Geiger Iskandar&hellip;<\/p>\n","protected":false},"author":1,"featured_media":0,"parent":0,"menu_order":0,"comment_status":"closed","ping_status":"closed","template":"","meta":[],"_links":{"self":[{"href":"https:\/\/thezentury.de\/index.php\/wp-json\/wp\/v2\/pages\/304"}],"collection":[{"href":"https:\/\/thezentury.de\/index.php\/wp-json\/wp\/v2\/pages"}],"about":[{"href":"https:\/\/thezentury.de\/index.php\/wp-json\/wp\/v2\/types\/page"}],"author":[{"embeddable":true,"href":"https:\/\/thezentury.de\/index.php\/wp-json\/wp\/v2\/users\/1"}],"replies":[{"embeddable":true,"href":"https:\/\/thezentury.de\/index.php\/wp-json\/wp\/v2\/comments?post=304"}],"version-history":[{"count":20,"href":"https:\/\/thezentury.de\/index.php\/wp-json\/wp\/v2\/pages\/304\/revisions"}],"predecessor-version":[{"id":725,"href":"https:\/\/thezentury.de\/index.php\/wp-json\/wp\/v2\/pages\/304\/revisions\/725"}],"wp:attachment":[{"href":"https:\/\/thezentury.de\/index.php\/wp-json\/wp\/v2\/media?parent=304"}],"curies":[{"name":"wp","href":"https:\/\/api.w.org\/{rel}","templated":true}]}}