{"id":477,"date":"2019-05-28T21:57:09","date_gmt":"2019-05-28T19:57:09","guid":{"rendered":"http:\/\/thezentury.de\/?page_id=477"},"modified":"2019-05-30T12:50:00","modified_gmt":"2019-05-30T10:50:00","slug":"kontakt","status":"publish","type":"page","link":"https:\/\/thezentury.de\/index.php\/kontakt\/","title":{"rendered":"Kontakt"},"content":{"rendered":"\n<p class=\"has-drop-cap\">Um ein m\u00f6glichst personalisiertes Programm f\u00fcr Sie zu kreieren, ben\u00f6tigen wir vorab einige Informationen. Im Anschluss an ein pers\u00f6nliches Gespr\u00e4ch erstellen wir ein individuelles Angebot f\u00fcr Sie. Das folgende Formular hilft uns, Ihr Anliegen schnell und effektiv zu bearbeiten. Wir freuen uns auf Ihre Nachricht.<\/p>\n\n\n<div class=\"wpforms-container wpforms-container-full\" id=\"wpforms-486\"><form id=\"wpforms-form-486\" class=\"wpforms-validate wpforms-form\" data-formid=\"486\" method=\"post\" enctype=\"multipart\/form-data\" action=\"\/index.php\/wp-json\/wp\/v2\/pages\/477\"><div class=\"wpforms-field-container\"><div id=\"wpforms-486-field_1-container\" class=\"wpforms-field wpforms-field-name\" data-field-id=\"1\"><label class=\"wpforms-field-label\" for=\"wpforms-486-field_1\">Name <span class=\"wpforms-required-label\">*<\/span><\/label><div class=\"wpforms-field-row wpforms-field-medium\"><div class=\"wpforms-field-row-block wpforms-first wpforms-one-half\"><input type=\"text\" id=\"wpforms-486-field_1\" class=\"wpforms-field-name-first wpforms-field-required\" name=\"wpforms[fields][1][first]\" required><label for=\"wpforms-486-field_1\" class=\"wpforms-field-sublabel after \">Vorname<\/label><\/div><div class=\"wpforms-field-row-block wpforms-one-half\"><input type=\"text\" id=\"wpforms-486-field_1-last\" class=\"wpforms-field-name-last wpforms-field-required\" name=\"wpforms[fields][1][last]\" required><label for=\"wpforms-486-field_1-last\" class=\"wpforms-field-sublabel after \">Nachname<\/label><\/div><\/div><\/div><div id=\"wpforms-486-field_2-container\" class=\"wpforms-field wpforms-field-email\" data-field-id=\"2\"><label class=\"wpforms-field-label\" for=\"wpforms-486-field_2\">E-Mail <span class=\"wpforms-required-label\">*<\/span><\/label><input type=\"email\" id=\"wpforms-486-field_2\" class=\"wpforms-field-medium wpforms-field-required\" name=\"wpforms[fields][2]\" required><\/div><div id=\"wpforms-486-field_3-container\" class=\"wpforms-field wpforms-field-checkbox\" data-field-id=\"3\"><label class=\"wpforms-field-label\" for=\"wpforms-486-field_3\">Ich habe Interesse an The Zentury f\u00fcr: <span class=\"wpforms-required-label\">*<\/span><\/label><ul id=\"wpforms-486-field_3\" class=\"wpforms-field-required\"><li class=\"choice-1 depth-1\"><input type=\"checkbox\" id=\"wpforms-486-field_3_1\" name=\"wpforms[fields][3][]\" value=\"mich pers\u00f6nlich\" required ><label class=\"wpforms-field-label-inline\" for=\"wpforms-486-field_3_1\">mich pers\u00f6nlich<\/label><\/li><li class=\"choice-2 depth-1\"><input type=\"checkbox\" id=\"wpforms-486-field_3_2\" name=\"wpforms[fields][3][]\" value=\"eine Gruppe\" required ><label class=\"wpforms-field-label-inline\" for=\"wpforms-486-field_3_2\">eine Gruppe<\/label><\/li><li class=\"choice-3 depth-1\"><input type=\"checkbox\" id=\"wpforms-486-field_3_3\" name=\"wpforms[fields][3][]\" value=\"ein Unternehmen\" required ><label class=\"wpforms-field-label-inline\" for=\"wpforms-486-field_3_3\">ein Unternehmen<\/label><\/li><\/ul><\/div><div id=\"wpforms-486-field_6-container\" class=\"wpforms-field wpforms-field-text\" data-field-id=\"6\"><label class=\"wpforms-field-label\" for=\"wpforms-486-field_6\">f\u00fcr das Datum \/ den Zeitraum:<\/label><input type=\"text\" id=\"wpforms-486-field_6\" class=\"wpforms-field-medium\" name=\"wpforms[fields][6]\" ><\/div><div id=\"wpforms-486-field_5-container\" class=\"wpforms-field wpforms-field-textarea\" data-field-id=\"5\"><label class=\"wpforms-field-label\" for=\"wpforms-486-field_5\">Nachricht<\/label><textarea id=\"wpforms-486-field_5\" class=\"wpforms-field-medium\" name=\"wpforms[fields][5]\" ><\/textarea><\/div><\/div><div class=\"wpforms-field wpforms-field-hp\"><label for=\"wpforms-486-field-hp\" class=\"wpforms-field-label\">Comment<\/label><input type=\"text\" name=\"wpforms[hp]\" id=\"wpforms-486-field-hp\" class=\"wpforms-field-medium\"><\/div><div class=\"wpforms-submit-container\" ><input type=\"hidden\" name=\"wpforms[id]\" value=\"486\"><input type=\"hidden\" name=\"wpforms[author]\" value=\"1\"><button type=\"submit\" name=\"wpforms[submit]\" class=\"wpforms-submit \" id=\"wpforms-submit-486\" value=\"wpforms-submit\" data-alt-text=\"Senden...\">Absenden<\/button><\/div><\/form><\/div>\n","protected":false},"excerpt":{"rendered":"<p>Um ein m\u00f6glichst personalisiertes Programm f\u00fcr Sie zu kreieren, ben\u00f6tigen wir vorab einige Informationen. Im Anschluss an ein pers\u00f6nliches Gespr\u00e4ch&hellip;<\/p>\n","protected":false},"author":1,"featured_media":0,"parent":0,"menu_order":0,"comment_status":"closed","ping_status":"closed","template":"","meta":[],"_links":{"self":[{"href":"https:\/\/thezentury.de\/index.php\/wp-json\/wp\/v2\/pages\/477"}],"collection":[{"href":"https:\/\/thezentury.de\/index.php\/wp-json\/wp\/v2\/pages"}],"about":[{"href":"https:\/\/thezentury.de\/index.php\/wp-json\/wp\/v2\/types\/page"}],"author":[{"embeddable":true,"href":"https:\/\/thezentury.de\/index.php\/wp-json\/wp\/v2\/users\/1"}],"replies":[{"embeddable":true,"href":"https:\/\/thezentury.de\/index.php\/wp-json\/wp\/v2\/comments?post=477"}],"version-history":[{"count":7,"href":"https:\/\/thezentury.de\/index.php\/wp-json\/wp\/v2\/pages\/477\/revisions"}],"predecessor-version":[{"id":510,"href":"https:\/\/thezentury.de\/index.php\/wp-json\/wp\/v2\/pages\/477\/revisions\/510"}],"wp:attachment":[{"href":"https:\/\/thezentury.de\/index.php\/wp-json\/wp\/v2\/media?parent=477"}],"curies":[{"name":"wp","href":"https:\/\/api.w.org\/{rel}","templated":true}]}}